{"id":3,"date":"2021-11-04T15:11:39","date_gmt":"2021-11-04T14:11:39","guid":{"rendered":"http:\/\/stephaneaupetit-photographie.fr\/?page_id=3"},"modified":"2023-03-15T12:29:00","modified_gmt":"2023-03-15T11:29:00","slug":"politique-de-confidentialite","status":"publish","type":"page","link":"https:\/\/www.stephaneaupetit-photographie.fr\/index.php\/politique-de-confidentialite\/","title":{"rendered":"Politique de confidentialit\u00e9"},"content":{"rendered":"\n<h2 class=\"wp-block-heading\">Qui sommes-nous&nbsp;?<\/h2>\n\n\n\n<p>L\u2019adresse de notre site Web est\u00a0: <a href=\"http:\/\/www.stephaneaupetit-photographie.fr\">www.stephaneaupetit-photographie.fr.<\/a><\/p>\n\n\n\n<h2 class=\"wp-block-heading\">Utilisation des donn\u00e9es personnelles collect\u00e9es<\/h2>\n\n\n\n<h3 class=\"wp-block-heading\">Commentaires<\/h3>\n\n\n\n<p>Quand vous laissez un commentaire sur notre site web, les donn\u00e9es inscrites dans le formulaire de commentaire, mais aussi votre adresse IP et l\u2019agent utilisateur de votre navigateur sont collect\u00e9s pour nous aider \u00e0 la d\u00e9tection des commentaires ind\u00e9sirables.<\/p>\n\n\n\n<p>Une cha\u00eene anonymis\u00e9e cr\u00e9\u00e9e \u00e0 partir de votre adresse de messagerie peut \u00eatre envoy\u00e9e au service Gravatar pour v\u00e9rifier si vous utilisez ce dernier. Les clauses de confidentialit\u00e9 du service Gravatar sont disponibles ici\u00a0: <a href=\"https:\/\/automattic.com\/privacy\/.\">https:\/\/automattic.com\/privacy\/.<\/a> Apr\u00e8s validation de votre commentaire, votre photo de profil sera visible publiquement \u00e0 cot\u00e9 de votre commentaire.<\/p>\n\n\n\n<h3 class=\"wp-block-heading\">M\u00e9dias<\/h3>\n\n\n\n<p>Si vous \u00eates un utilisateur ou une utilisatrice enregistr\u00e9e et que vous t\u00e9l\u00e9versez des images sur le site web, nous vous conseillons d\u2019\u00e9viter de t\u00e9l\u00e9verser des images contenant des donn\u00e9es EXIF de coordonn\u00e9es GPS. Les visiteurs de votre site web peuvent t\u00e9l\u00e9charger et extraire des donn\u00e9es de localisation depuis ces images.<\/p>\n\n\n\n<h3 class=\"wp-block-heading\"><\/h3>\n\n\n\n<h3 class=\"wp-block-heading\">Cookies<\/h3>\n\n\n\n<p>Si vous d\u00e9posez un commentaire sur notre site, il vous sera propos\u00e9 d\u2019enregistrer votre nom, adresse de messagerie et site web dans des cookies. C\u2019est uniquement pour votre confort afin de ne pas avoir \u00e0 saisir ces informations si vous d\u00e9posez un autre commentaire plus tard. Ces cookies expirent au bout d\u2019un an.<\/p>\n\n\n\n<p>Si vous vous rendez sur la page de connexion, un cookie temporaire sera cr\u00e9\u00e9 afin de d\u00e9terminer si votre navigateur accepte les cookies. Il ne contient pas de donn\u00e9es personnelles et sera supprim\u00e9 automatiquement \u00e0 la fermeture de votre navigateur.<\/p>\n\n\n\n<p>Lorsque vous vous connecterez, nous mettrons en place un certain nombre de cookies pour enregistrer vos informations de connexion et vos pr\u00e9f\u00e9rences d\u2019\u00e9cran. La dur\u00e9e de vie d\u2019un cookie de connexion est de deux jours, celle d\u2019un cookie d\u2019option d\u2019\u00e9cran est d\u2019un an. Si vous cochez \u00ab&nbsp;Se souvenir de moi&nbsp;\u00bb, votre cookie de connexion sera conserv\u00e9 pendant deux semaines. Si vous vous d\u00e9connectez de votre compte, le cookie de connexion sera effac\u00e9.<\/p>\n\n\n\n<p>En modifiant ou en publiant une publication, un cookie suppl\u00e9mentaire sera enregistr\u00e9 dans votre navigateur. Ce cookie ne comprend aucune donn\u00e9e personnelle. Il indique simplement l\u2019ID de la publication que vous venez de modifier. Il expire au bout d\u2019un jour.<\/p>\n\n\n\n<h3 class=\"wp-block-heading\">Contenu embarqu\u00e9 depuis d\u2019autres sites<\/h3>\n\n\n\n<p>Les articles de ce site peuvent inclure des contenus int\u00e9gr\u00e9s (par exemple des vid\u00e9os, images, articles\u2026). Le contenu int\u00e9gr\u00e9 depuis d\u2019autres sites se comporte de la m\u00eame mani\u00e8re que si le visiteur se rendait sur cet autre site.<\/p>\n\n\n\n<p>Ces sites web pourraient collecter des donn\u00e9es sur vous, utiliser des cookies, embarquer des outils de suivis tiers, suivre vos interactions avec ces contenus embarqu\u00e9s si vous disposez d\u2019un compte connect\u00e9 sur leur site web.<\/p>\n\n\n\n<h3 class=\"wp-block-heading\"><\/h3>\n\n\n\n<h2 class=\"wp-block-heading\">Utilisation et transmission de vos donn\u00e9es personnelles<\/h2>\n\n\n\n<p>Si vous demandez une r\u00e9initialisation de votre mot de passe, votre adresse IP sera incluse dans l\u2019e-mail de r\u00e9initialisation.<\/p>\n\n\n\n<h2 class=\"wp-block-heading\">Dur\u00e9es de stockage de vos donn\u00e9es<\/h2>\n\n\n\n<p>Si vous laissez un commentaire, le commentaire et ses m\u00e9tadonn\u00e9es sont conserv\u00e9s ind\u00e9finiment. Cela permet de reconna\u00eetre et approuver automatiquement les commentaires suivants au lieu de les laisser dans la file de mod\u00e9ration.<\/p>\n\n\n\n<p>Pour les utilisateurs et utilisatrices qui s\u2019inscrivent sur notre site (si cela est possible), nous stockons \u00e9galement les donn\u00e9es personnelles indiqu\u00e9es dans leur profil. Tous les utilisateurs et utilisatrices peuvent voir, modifier ou supprimer leurs informations personnelles \u00e0 tout moment (\u00e0 l\u2019exception de leur nom d\u2019utilisateur). Les gestionnaires du site peuvent aussi voir et modifier ces informations.<\/p>\n\n\n\n<h2 class=\"wp-block-heading\">Les droits que vous avez sur vos donn\u00e9es<\/h2>\n\n\n\n<p>Si vous avez un compte ou si vous avez laiss\u00e9 des commentaires sur le site, vous pouvez demander \u00e0 recevoir un fichier contenant toutes les donn\u00e9es personnelles que nous poss\u00e9dons \u00e0 votre sujet, incluant celles que vous nous avez fournies. Vous pouvez \u00e9galement demander la suppression des donn\u00e9es personnelles vous concernant. Cela ne prend pas en compte les donn\u00e9es stock\u00e9es \u00e0 des fins administratives, l\u00e9gales ou pour des raisons de s\u00e9curit\u00e9.<\/p>\n\n\n\n<h2 class=\"wp-block-heading\">Politique de confidentialit\u00e9<\/h2>\n\n\n\n<p><\/p>\n\n\n<div class=\"wp-block-image\">\n<figure class=\"aligncenter size-thumbnail\"><img data-recalc-dims=\"1\" loading=\"lazy\" decoding=\"async\" width=\"150\" height=\"150\" src=\"https:\/\/i0.wp.com\/www.stephaneaupetit-photographie.fr\/wp-content\/uploads\/2023\/03\/LOGO-Photographie-1.jpg?resize=150%2C150&#038;ssl=1\" alt=\"Politique de confidentialit\u00e9-Photographe-Bordeaux\" class=\"wp-image-395\" srcset=\"https:\/\/i0.wp.com\/www.stephaneaupetit-photographie.fr\/wp-content\/uploads\/2023\/03\/LOGO-Photographie-1.jpg?resize=150%2C150&amp;ssl=1 150w, https:\/\/i0.wp.com\/www.stephaneaupetit-photographie.fr\/wp-content\/uploads\/2023\/03\/LOGO-Photographie-1.jpg?resize=300%2C300&amp;ssl=1 300w, https:\/\/i0.wp.com\/www.stephaneaupetit-photographie.fr\/wp-content\/uploads\/2023\/03\/LOGO-Photographie-1.jpg?resize=1024%2C1024&amp;ssl=1 1024w, https:\/\/i0.wp.com\/www.stephaneaupetit-photographie.fr\/wp-content\/uploads\/2023\/03\/LOGO-Photographie-1.jpg?resize=768%2C768&amp;ssl=1 768w, https:\/\/i0.wp.com\/www.stephaneaupetit-photographie.fr\/wp-content\/uploads\/2023\/03\/LOGO-Photographie-1.jpg?resize=1536%2C1536&amp;ssl=1 1536w, https:\/\/i0.wp.com\/www.stephaneaupetit-photographie.fr\/wp-content\/uploads\/2023\/03\/LOGO-Photographie-1.jpg?resize=2048%2C2048&amp;ssl=1 2048w, https:\/\/i0.wp.com\/www.stephaneaupetit-photographie.fr\/wp-content\/uploads\/2023\/03\/LOGO-Photographie-1.jpg?resize=60%2C60&amp;ssl=1 60w, https:\/\/i0.wp.com\/www.stephaneaupetit-photographie.fr\/wp-content\/uploads\/2023\/03\/LOGO-Photographie-1.jpg?w=1680&amp;ssl=1 1680w\" sizes=\"auto, (max-width: 150px) 100vw, 150px\" \/><\/figure>\n<\/div>","protected":false},"excerpt":{"rendered":"<p>Qui sommes-nous&nbsp;? L\u2019adresse de notre site Web est\u00a0: www.stephaneaupetit-photographie.fr. Utilisation des donn\u00e9es personnelles collect\u00e9es Commentaires Quand vous laissez un commentaire sur notre site web, les &hellip; <\/p>\n","protected":false},"author":1,"featured_media":0,"parent":0,"menu_order":0,"comment_status":"closed","ping_status":"closed","template":"","meta":{"ngg_post_thumbnail":0,"footnotes":""},"class_list":["post-3","page","type-page","status-publish","hentry"],"yoast_head":"<!-- This site is optimized with the Yoast SEO plugin v27.4 - https:\/\/yoast.com\/product\/yoast-seo-wordpress\/ -->\n<title>Politique de confidentialit\u00e9<\/title>\n<meta name=\"description\" content=\"politique de confidentialit\u00e9-Utilisation du site stephaneaupetit-photographie-photographe Bordeaux-Portrait-\" \/>\n<meta name=\"robots\" content=\"index, follow, max-snippet:-1, max-image-preview:large, max-video-preview:-1\" \/>\n<link rel=\"canonical\" href=\"https:\/\/www.stephaneaupetit-photographie.fr\/index.php\/politique-de-confidentialite\/\" \/>\n<meta property=\"og:locale\" content=\"fr_FR\" \/>\n<meta property=\"og:type\" content=\"article\" \/>\n<meta property=\"og:title\" content=\"Politique de confidentialit\u00e9\" \/>\n<meta property=\"og:description\" content=\"politique de confidentialit\u00e9-Utilisation du site stephaneaupetit-photographie-photographe Bordeaux-Portrait-\" \/>\n<meta property=\"og:url\" content=\"https:\/\/www.stephaneaupetit-photographie.fr\/index.php\/politique-de-confidentialite\/\" \/>\n<meta property=\"og:site_name\" content=\"St\u00e9phane Aupetit Photographie\" \/>\n<meta property=\"article:modified_time\" content=\"2023-03-15T11:29:00+00:00\" \/>\n<meta property=\"og:image\" content=\"https:\/\/www.stephaneaupetit-photographie.fr\/wp-content\/uploads\/2023\/03\/LOGO-Photographie-1-150x150.jpg\" \/>\n<meta name=\"twitter:card\" content=\"summary_large_image\" \/>\n<meta name=\"twitter:label1\" content=\"Dur\u00e9e de lecture estim\u00e9e\" \/>\n\t<meta name=\"twitter:data1\" content=\"4 minutes\" \/>\n<script type=\"application\/ld+json\" class=\"yoast-schema-graph\">{\"@context\":\"https:\\\/\\\/schema.org\",\"@graph\":[{\"@type\":\"WebPage\",\"@id\":\"https:\\\/\\\/www.stephaneaupetit-photographie.fr\\\/index.php\\\/politique-de-confidentialite\\\/\",\"url\":\"https:\\\/\\\/www.stephaneaupetit-photographie.fr\\\/index.php\\\/politique-de-confidentialite\\\/\",\"name\":\"Politique de confidentialit\u00e9\",\"isPartOf\":{\"@id\":\"https:\\\/\\\/www.stephaneaupetit-photographie.fr\\\/#website\"},\"primaryImageOfPage\":{\"@id\":\"https:\\\/\\\/www.stephaneaupetit-photographie.fr\\\/index.php\\\/politique-de-confidentialite\\\/#primaryimage\"},\"image\":{\"@id\":\"https:\\\/\\\/www.stephaneaupetit-photographie.fr\\\/index.php\\\/politique-de-confidentialite\\\/#primaryimage\"},\"thumbnailUrl\":\"https:\\\/\\\/www.stephaneaupetit-photographie.fr\\\/wp-content\\\/uploads\\\/2023\\\/03\\\/LOGO-Photographie-1-150x150.jpg\",\"datePublished\":\"2021-11-04T14:11:39+00:00\",\"dateModified\":\"2023-03-15T11:29:00+00:00\",\"description\":\"politique de confidentialit\u00e9-Utilisation du site stephaneaupetit-photographie-photographe Bordeaux-Portrait-\",\"breadcrumb\":{\"@id\":\"https:\\\/\\\/www.stephaneaupetit-photographie.fr\\\/index.php\\\/politique-de-confidentialite\\\/#breadcrumb\"},\"inLanguage\":\"fr-FR\",\"potentialAction\":[{\"@type\":\"ReadAction\",\"target\":[\"https:\\\/\\\/www.stephaneaupetit-photographie.fr\\\/index.php\\\/politique-de-confidentialite\\\/\"]}]},{\"@type\":\"ImageObject\",\"inLanguage\":\"fr-FR\",\"@id\":\"https:\\\/\\\/www.stephaneaupetit-photographie.fr\\\/index.php\\\/politique-de-confidentialite\\\/#primaryimage\",\"url\":\"https:\\\/\\\/i0.wp.com\\\/www.stephaneaupetit-photographie.fr\\\/wp-content\\\/uploads\\\/2023\\\/03\\\/LOGO-Photographie-1.jpg?fit=2362%2C2362&ssl=1\",\"contentUrl\":\"https:\\\/\\\/i0.wp.com\\\/www.stephaneaupetit-photographie.fr\\\/wp-content\\\/uploads\\\/2023\\\/03\\\/LOGO-Photographie-1.jpg?fit=2362%2C2362&ssl=1\",\"width\":2362,\"height\":2362,\"caption\":\"stephane-aupetit-photographe-Bordeaux\"},{\"@type\":\"BreadcrumbList\",\"@id\":\"https:\\\/\\\/www.stephaneaupetit-photographie.fr\\\/index.php\\\/politique-de-confidentialite\\\/#breadcrumb\",\"itemListElement\":[{\"@type\":\"ListItem\",\"position\":1,\"name\":\"Accueil\",\"item\":\"https:\\\/\\\/www.stephaneaupetit-photographie.fr\\\/\"},{\"@type\":\"ListItem\",\"position\":2,\"name\":\"Politique de confidentialit\u00e9\"}]},{\"@type\":\"WebSite\",\"@id\":\"https:\\\/\\\/www.stephaneaupetit-photographie.fr\\\/#website\",\"url\":\"https:\\\/\\\/www.stephaneaupetit-photographie.fr\\\/\",\"name\":\"St\u00e9phane Aupetit Photographie\",\"description\":\" Ev\u00e8nementiel-Immobilier-Reportage d&#039;entreprise-Culinaire\",\"publisher\":{\"@id\":\"https:\\\/\\\/www.stephaneaupetit-photographie.fr\\\/#\\\/schema\\\/person\\\/0c51eeb83928460b54fcfb62d8940ae8\"},\"potentialAction\":[{\"@type\":\"SearchAction\",\"target\":{\"@type\":\"EntryPoint\",\"urlTemplate\":\"https:\\\/\\\/www.stephaneaupetit-photographie.fr\\\/?s={search_term_string}\"},\"query-input\":{\"@type\":\"PropertyValueSpecification\",\"valueRequired\":true,\"valueName\":\"search_term_string\"}}],\"inLanguage\":\"fr-FR\"},{\"@type\":[\"Person\",\"Organization\"],\"@id\":\"https:\\\/\\\/www.stephaneaupetit-photographie.fr\\\/#\\\/schema\\\/person\\\/0c51eeb83928460b54fcfb62d8940ae8\",\"name\":\"St\u00e9phane Aupetit\",\"image\":{\"@type\":\"ImageObject\",\"inLanguage\":\"fr-FR\",\"@id\":\"https:\\\/\\\/i0.wp.com\\\/www.stephaneaupetit-photographie.fr\\\/wp-content\\\/uploads\\\/2023\\\/03\\\/LOGO-Photographie-1.jpg?fit=2362%2C2362&ssl=1\",\"url\":\"https:\\\/\\\/i0.wp.com\\\/www.stephaneaupetit-photographie.fr\\\/wp-content\\\/uploads\\\/2023\\\/03\\\/LOGO-Photographie-1.jpg?fit=2362%2C2362&ssl=1\",\"contentUrl\":\"https:\\\/\\\/i0.wp.com\\\/www.stephaneaupetit-photographie.fr\\\/wp-content\\\/uploads\\\/2023\\\/03\\\/LOGO-Photographie-1.jpg?fit=2362%2C2362&ssl=1\",\"width\":2362,\"height\":2362,\"caption\":\"St\u00e9phane Aupetit\"},\"logo\":{\"@id\":\"https:\\\/\\\/i0.wp.com\\\/www.stephaneaupetit-photographie.fr\\\/wp-content\\\/uploads\\\/2023\\\/03\\\/LOGO-Photographie-1.jpg?fit=2362%2C2362&ssl=1\"},\"sameAs\":[\"http:\\\/\\\/stephaneaupetit-photographie.fr\"]}]}<\/script>\n<!-- \/ Yoast SEO plugin. -->","yoast_head_json":{"title":"Politique de confidentialit\u00e9","description":"politique de confidentialit\u00e9-Utilisation du site stephaneaupetit-photographie-photographe Bordeaux-Portrait-","robots":{"index":"index","follow":"follow","max-snippet":"max-snippet:-1","max-image-preview":"max-image-preview:large","max-video-preview":"max-video-preview:-1"},"canonical":"https:\/\/www.stephaneaupetit-photographie.fr\/index.php\/politique-de-confidentialite\/","og_locale":"fr_FR","og_type":"article","og_title":"Politique de confidentialit\u00e9","og_description":"politique de confidentialit\u00e9-Utilisation du site stephaneaupetit-photographie-photographe Bordeaux-Portrait-","og_url":"https:\/\/www.stephaneaupetit-photographie.fr\/index.php\/politique-de-confidentialite\/","og_site_name":"St\u00e9phane Aupetit Photographie","article_modified_time":"2023-03-15T11:29:00+00:00","og_image":[{"url":"https:\/\/www.stephaneaupetit-photographie.fr\/wp-content\/uploads\/2023\/03\/LOGO-Photographie-1-150x150.jpg","type":"","width":"","height":""}],"twitter_card":"summary_large_image","twitter_misc":{"Dur\u00e9e de lecture estim\u00e9e":"4 minutes"},"schema":{"@context":"https:\/\/schema.org","@graph":[{"@type":"WebPage","@id":"https:\/\/www.stephaneaupetit-photographie.fr\/index.php\/politique-de-confidentialite\/","url":"https:\/\/www.stephaneaupetit-photographie.fr\/index.php\/politique-de-confidentialite\/","name":"Politique de confidentialit\u00e9","isPartOf":{"@id":"https:\/\/www.stephaneaupetit-photographie.fr\/#website"},"primaryImageOfPage":{"@id":"https:\/\/www.stephaneaupetit-photographie.fr\/index.php\/politique-de-confidentialite\/#primaryimage"},"image":{"@id":"https:\/\/www.stephaneaupetit-photographie.fr\/index.php\/politique-de-confidentialite\/#primaryimage"},"thumbnailUrl":"https:\/\/www.stephaneaupetit-photographie.fr\/wp-content\/uploads\/2023\/03\/LOGO-Photographie-1-150x150.jpg","datePublished":"2021-11-04T14:11:39+00:00","dateModified":"2023-03-15T11:29:00+00:00","description":"politique de confidentialit\u00e9-Utilisation du site stephaneaupetit-photographie-photographe Bordeaux-Portrait-","breadcrumb":{"@id":"https:\/\/www.stephaneaupetit-photographie.fr\/index.php\/politique-de-confidentialite\/#breadcrumb"},"inLanguage":"fr-FR","potentialAction":[{"@type":"ReadAction","target":["https:\/\/www.stephaneaupetit-photographie.fr\/index.php\/politique-de-confidentialite\/"]}]},{"@type":"ImageObject","inLanguage":"fr-FR","@id":"https:\/\/www.stephaneaupetit-photographie.fr\/index.php\/politique-de-confidentialite\/#primaryimage","url":"https:\/\/i0.wp.com\/www.stephaneaupetit-photographie.fr\/wp-content\/uploads\/2023\/03\/LOGO-Photographie-1.jpg?fit=2362%2C2362&ssl=1","contentUrl":"https:\/\/i0.wp.com\/www.stephaneaupetit-photographie.fr\/wp-content\/uploads\/2023\/03\/LOGO-Photographie-1.jpg?fit=2362%2C2362&ssl=1","width":2362,"height":2362,"caption":"stephane-aupetit-photographe-Bordeaux"},{"@type":"BreadcrumbList","@id":"https:\/\/www.stephaneaupetit-photographie.fr\/index.php\/politique-de-confidentialite\/#breadcrumb","itemListElement":[{"@type":"ListItem","position":1,"name":"Accueil","item":"https:\/\/www.stephaneaupetit-photographie.fr\/"},{"@type":"ListItem","position":2,"name":"Politique de confidentialit\u00e9"}]},{"@type":"WebSite","@id":"https:\/\/www.stephaneaupetit-photographie.fr\/#website","url":"https:\/\/www.stephaneaupetit-photographie.fr\/","name":"St\u00e9phane Aupetit Photographie","description":" Ev\u00e8nementiel-Immobilier-Reportage d&#039;entreprise-Culinaire","publisher":{"@id":"https:\/\/www.stephaneaupetit-photographie.fr\/#\/schema\/person\/0c51eeb83928460b54fcfb62d8940ae8"},"potentialAction":[{"@type":"SearchAction","target":{"@type":"EntryPoint","urlTemplate":"https:\/\/www.stephaneaupetit-photographie.fr\/?s={search_term_string}"},"query-input":{"@type":"PropertyValueSpecification","valueRequired":true,"valueName":"search_term_string"}}],"inLanguage":"fr-FR"},{"@type":["Person","Organization"],"@id":"https:\/\/www.stephaneaupetit-photographie.fr\/#\/schema\/person\/0c51eeb83928460b54fcfb62d8940ae8","name":"St\u00e9phane Aupetit","image":{"@type":"ImageObject","inLanguage":"fr-FR","@id":"https:\/\/i0.wp.com\/www.stephaneaupetit-photographie.fr\/wp-content\/uploads\/2023\/03\/LOGO-Photographie-1.jpg?fit=2362%2C2362&ssl=1","url":"https:\/\/i0.wp.com\/www.stephaneaupetit-photographie.fr\/wp-content\/uploads\/2023\/03\/LOGO-Photographie-1.jpg?fit=2362%2C2362&ssl=1","contentUrl":"https:\/\/i0.wp.com\/www.stephaneaupetit-photographie.fr\/wp-content\/uploads\/2023\/03\/LOGO-Photographie-1.jpg?fit=2362%2C2362&ssl=1","width":2362,"height":2362,"caption":"St\u00e9phane Aupetit"},"logo":{"@id":"https:\/\/i0.wp.com\/www.stephaneaupetit-photographie.fr\/wp-content\/uploads\/2023\/03\/LOGO-Photographie-1.jpg?fit=2362%2C2362&ssl=1"},"sameAs":["http:\/\/stephaneaupetit-photographie.fr"]}]}},"jetpack-related-posts":[{"id":105,"url":"https:\/\/www.stephaneaupetit-photographie.fr\/index.php\/mentions-legales\/","url_meta":{"origin":3,"position":0},"title":"Mentions L\u00e9gales","author":"St\u00e9phane Aupetit","date":"11 f\u00e9vrier 2022","format":false,"excerpt":"Article 1 : Informations l\u00e9gales En vertu de l article 6 de la loi n\u00b0 2004 -575 du 21 juin 2004 pour la confiance dans l\u2019\u00e9conomie num\u00e9rique, il est pr\u00e9cis\u00e9 dans ces Mentions L\u00e9gales les diff\u00e9rents intervenants dans le cadre de sa r\u00e9alisation et de son suivi. Le site www.stephaneaupetit-photographie\u00a0\u2026","rel":"","context":"Article similaire","block_context":{"text":"Article similaire","link":""},"img":{"alt_text":"","src":"","width":0,"height":0},"classes":[]},{"id":57,"url":"https:\/\/www.stephaneaupetit-photographie.fr\/","url_meta":{"origin":3,"position":1},"title":"Photographe Immobilier Bordeaux : Expertise et Visibilit\u00e9","author":"St\u00e9phane Aupetit","date":"11 novembre 2021","format":false,"excerpt":"Je vous propose mes services de photographe Immobilier Bordeaux - reportages d'entreprises et \u00e9v\u00e8nementiels. Je me d\u00e9place \u00e9galement dans toute la Gironde et Nouvelle Aquitaine. Immobilier - Architecture Photographe immobilier Bordeaux & architecture \u2013 T\u00e9l\u00e9 pilote de drone Sp\u00e9cialis\u00e9 en photographie immobili\u00e8re et architecturale, j\u2019accompagne les professionnels de l\u2019immobilier, de\u2026","rel":"","context":"Article similaire","block_context":{"text":"Article similaire","link":""},"img":{"alt_text":"","src":"https:\/\/i0.wp.com\/www.stephaneaupetit-photographie.fr\/wp-content\/uploads\/2026\/01\/Immobilier-Fatima-15-sur-15.jpg?resize=350%2C200&ssl=1","width":350,"height":200,"srcset":"https:\/\/i0.wp.com\/www.stephaneaupetit-photographie.fr\/wp-content\/uploads\/2026\/01\/Immobilier-Fatima-15-sur-15.jpg?resize=350%2C200&ssl=1 1x, https:\/\/i0.wp.com\/www.stephaneaupetit-photographie.fr\/wp-content\/uploads\/2026\/01\/Immobilier-Fatima-15-sur-15.jpg?resize=525%2C300&ssl=1 1.5x, https:\/\/i0.wp.com\/www.stephaneaupetit-photographie.fr\/wp-content\/uploads\/2026\/01\/Immobilier-Fatima-15-sur-15.jpg?resize=700%2C400&ssl=1 2x, https:\/\/i0.wp.com\/www.stephaneaupetit-photographie.fr\/wp-content\/uploads\/2026\/01\/Immobilier-Fatima-15-sur-15.jpg?resize=1050%2C600&ssl=1 3x, https:\/\/i0.wp.com\/www.stephaneaupetit-photographie.fr\/wp-content\/uploads\/2026\/01\/Immobilier-Fatima-15-sur-15.jpg?resize=1400%2C800&ssl=1 4x"},"classes":[]},{"id":30,"url":"https:\/\/www.stephaneaupetit-photographie.fr\/index.php\/contact-demande-de-renseignement-contactez\/","url_meta":{"origin":3,"position":2},"title":"Demande de renseignement","author":"St\u00e9phane Aupetit","date":"5 novembre 2021","format":false,"excerpt":"Pour toute demande de renseignement et parce que chaque projet est unique, venez m'en parler et je me ferais un plaisir de vous r\u00e9pondre. St\u00e9phane Aupetit Photographie Contact : stephaneprophoto@gmail.com 06 74 75 32 64 *R\u00e9ponse sous 48H* Ou bien utilisez le formulaire ci-dessous.","rel":"","context":"Article similaire","block_context":{"text":"Article similaire","link":""},"img":{"alt_text":"","src":"","width":0,"height":0},"classes":[]},{"id":245,"url":"https:\/\/www.stephaneaupetit-photographie.fr\/index.php\/bioagraphie-stephane-aupetit\/","url_meta":{"origin":3,"position":3},"title":"Biographie St\u00e9phane Aupetit","author":"St\u00e9phane Aupetit","date":"16 f\u00e9vrier 2022","format":false,"excerpt":"Parler de soit est toujours difficile. Je vais commencer ma Biographie naturellement par me pr\u00e9senter : St\u00e9phane Aupetit, la quarantaine. Je suis n\u00e9 \u00e0 Bordeaux et vis \u00e0 IZON depuis une douzaine d'ann\u00e9es. Les \u00e9missions culinaires de Michel OLIVER \u00e0 la t\u00e9l\u00e9 ont berc\u00e9es mon enfance. Comme lui j'ai voulu\u2026","rel":"","context":"Article similaire","block_context":{"text":"Article similaire","link":""},"img":{"alt_text":"","src":"https:\/\/i0.wp.com\/www.stephaneaupetit-photographie.fr\/wp-content\/uploads\/2023\/04\/Nouvel-an-2022-1-sur-1.jpg?resize=350%2C200&ssl=1","width":350,"height":200,"srcset":"https:\/\/i0.wp.com\/www.stephaneaupetit-photographie.fr\/wp-content\/uploads\/2023\/04\/Nouvel-an-2022-1-sur-1.jpg?resize=350%2C200&ssl=1 1x, https:\/\/i0.wp.com\/www.stephaneaupetit-photographie.fr\/wp-content\/uploads\/2023\/04\/Nouvel-an-2022-1-sur-1.jpg?resize=525%2C300&ssl=1 1.5x, https:\/\/i0.wp.com\/www.stephaneaupetit-photographie.fr\/wp-content\/uploads\/2023\/04\/Nouvel-an-2022-1-sur-1.jpg?resize=700%2C400&ssl=1 2x, https:\/\/i0.wp.com\/www.stephaneaupetit-photographie.fr\/wp-content\/uploads\/2023\/04\/Nouvel-an-2022-1-sur-1.jpg?resize=1050%2C600&ssl=1 3x"},"classes":[]},{"id":94,"url":"https:\/\/www.stephaneaupetit-photographie.fr\/index.php\/galeries-privees\/","url_meta":{"origin":3,"position":4},"title":"Galeries Clients","author":"St\u00e9phane Aupetit","date":"10 f\u00e9vrier 2022","format":false,"excerpt":"\u00a0 <div id=\"jingooGallery\"><\/div><script type=\"text\/javascript\">(function(i,s,o,g,r,a,m){i['JingooGalleryObject']=r;i[r]=i[r]||function(){(i[r].q=i[r].q||[]).push(arguments)},i[r].l=1*new Date();a=s.createElement(o),m=s.getElementsByTagName(o)[0];a.async=1;a.src=g;m.parentNode.insertBefore(a,m)})(window,document,'script',\"https:\/\/www.jingoo.com\/api\/accesDistant\/BmpUMgFTADMMawB0BGxcPQF0UjZdflQ\/XDBXPVs0AW0OPwE2Bz1XOlxhBiBRN1YzB3RQPAA8B2oIPAc8CDsIJgZ3VAQBZgArDGsAcgR3.js\",'JingooGalleryLoader');<\/script>","rel":"","context":"Article similaire","block_context":{"text":"Article similaire","link":""},"img":{"alt_text":"","src":"","width":0,"height":0},"classes":[]},{"id":2,"url":"https:\/\/www.stephaneaupetit-photographie.fr\/index.php\/page-d-exemple\/","url_meta":{"origin":3,"position":5},"title":"Blog","author":"St\u00e9phane Aupetit","date":"4 novembre 2021","format":false,"excerpt":"https:\/\/aupetit.prodibi.com\/a\/6y18gwqlz4e419o","rel":"","context":"Article similaire","block_context":{"text":"Article similaire","link":""},"img":{"alt_text":"","src":"","width":0,"height":0},"classes":[]}],"jetpack_sharing_enabled":true,"_links":{"self":[{"href":"https:\/\/www.stephaneaupetit-photographie.fr\/index.php\/wp-json\/wp\/v2\/pages\/3","targetHints":{"allow":["GET"]}}],"collection":[{"href":"https:\/\/www.stephaneaupetit-photographie.fr\/index.php\/wp-json\/wp\/v2\/pages"}],"about":[{"href":"https:\/\/www.stephaneaupetit-photographie.fr\/index.php\/wp-json\/wp\/v2\/types\/page"}],"author":[{"embeddable":true,"href":"https:\/\/www.stephaneaupetit-photographie.fr\/index.php\/wp-json\/wp\/v2\/users\/1"}],"replies":[{"embeddable":true,"href":"https:\/\/www.stephaneaupetit-photographie.fr\/index.php\/wp-json\/wp\/v2\/comments?post=3"}],"version-history":[{"count":3,"href":"https:\/\/www.stephaneaupetit-photographie.fr\/index.php\/wp-json\/wp\/v2\/pages\/3\/revisions"}],"predecessor-version":[{"id":431,"href":"https:\/\/www.stephaneaupetit-photographie.fr\/index.php\/wp-json\/wp\/v2\/pages\/3\/revisions\/431"}],"wp:attachment":[{"href":"https:\/\/www.stephaneaupetit-photographie.fr\/index.php\/wp-json\/wp\/v2\/media?parent=3"}],"curies":[{"name":"wp","href":"https:\/\/api.w.org\/{rel}","templated":true}]}}